{"id":39065,"date":"2016-08-17T19:50:27","date_gmt":"2016-08-17T14:20:27","guid":{"rendered":"https:\/\/saralvaastu.com\/gujarati\/?page_id=39065"},"modified":"2021-07-15T10:44:39","modified_gmt":"2021-07-15T10:44:39","slug":"vastu-shastra","status":"publish","type":"page","link":"https:\/\/www.saralvaastu.com\/gujarati\/vastu-shastra\/","title":{"rendered":"\u0ab5\u0abe\u0ab8\u0acd\u0aa4\u0ac1 \u0ab6\u0abe\u0ab8\u0acd\u0aa4\u0acd\u0ab0"},"content":{"rendered":"<p>[vc_row][vc_column][vc_row_inner][vc_column_inner][vc_column_text]<\/p>\n<p style=\"text-align: left;\">\u0ab5\u0abe\u0ab8\u0acd\u0aa4\u0ac1 \u0ab6\u0abe\u0ab8\u0acd\u0aa4\u0acd\u0ab0 \u0a8f\u0a95 \u0ab5\u0abf\u0a9c\u0acd\u0a9e\u0abe\u0aa8 \u0a9b\u0ac7 \u0a9c\u0ac7\u0aa8\u0acb \u0aaa\u0acd\u0ab0\u0abe\u0a9a\u0ac0\u0aa8 \u0aad\u0abe\u0ab0\u0aa4\u0ac0\u0aaf \u0ab8\u0a82\u0ab8\u0acd\u0a95\u0ac3\u0aa4\u0abf \u0aa6\u0acd\u0ab5\u0abe\u0ab0\u0abe \u0ab9\u0a9c\u0abe\u0ab0\u0acb \u0ab5\u0ab0\u0acd\u0ab7\u0aa5\u0ac0 \u0ab5\u0acd\u0aaf\u0abe\u0aaa\u0a95 \u0a85\u0aad\u0acd\u0aaf\u0abe\u0ab8 \u0a95\u0ab0\u0ab5\u0abe\u0aae\u0abe\u0a82 \u0a86\u0ab5\u0acd\u0aaf\u0acb \u0a9b\u0ac7 \u0a85\u0aa8\u0ac7 \u0aa4\u0ac7 \u0a8f\u0a95 \u0aae\u0ab9\u0aa4\u0acd\u0ab5\u0aaa\u0ac2\u0ab0\u0acd\u0aa3 \u0ab5\u0ac8\u0aa6\u0abf\u0a95 \u0ab5\u0abf\u0a9c\u0acd\u0a9e\u0abe\u0aa8 \u0a9b\u0ac7. \u0ab5\u0abe\u0ab8\u0acd\u0aa4\u0ac1 \u0ab6\u0abe\u0ab8\u0acd\u0aa4\u0acd\u0ab0 \u0aa8\u0acb \u0aae\u0ac2\u0ab3 \u0aae\u0abe\u0aa8\u0ab5\u0aa4\u0abe \u0a85\u0aa8\u0ac7 \u0a9c\u0ac0\u0ab5\u0aa8 \u0ab8\u0abe\u0ab0\u0acd\u0aa5\u0a95\u0aa4\u0abe\u0aa8\u0abe\u0a82 \u0a95\u0ab2\u0acd\u0aaf\u0abe\u0aa3\u0aa8\u0ac0 \u0aad\u0abe\u0ab5\u0aa8\u0abe\u0aa5\u0ac0 \u0aaa\u0acd\u0ab0\u0ac7\u0ab0\u0abf\u0aa4 \u0a9b\u0ac7. \u0aae\u0ac2\u0ab3 \u0ab6\u0aac\u0acd\u0aa6 \u0ab5\u0abe\u0ab8\u0aa8\u0acb \u0a85\u0ab0\u0acd\u0aa5 &#8220;\u0ab0\u0ab9\u0ac7\u0ab5\u0ac1\u0a82, \u0a9c\u0ac0\u0ab5\u0ab5\u0ac1\u0a82 \u0ab0\u0acb\u0a95\u0abe\u0ab5\u0ac1\u0a82, \u0ab0\u0ab9\u0ac7\u0ab5\u0ac1\u0a82&#8221; \u0a9b\u0ac7.<\/p>\n<p style=\"text-align: left;\">\u0ab5\u0abe\u0ab8\u0acd\u0aa4\u0ac1 \u0ab6\u0abe\u0ab8\u0acd\u0aa4\u0acd\u0ab0 \u0aa6\u0abf\u0ab6\u0abe\u0a93,\u0ab5\u0ac8\u0ab6\u0acd\u0ab5\u0abf\u0a95 \u0a8a\u0ab0\u0acd\u0a9c\u0aa8\u0ac1\u0a82 \u0ab5\u0abf\u0a9c\u0acd\u0a9e\u0abe\u0aa8 \u0a9b\u0ac7 \u0a85\u0aa8\u0ac7 \u0ab8\u0aae\u0a9c\u0abe\u0ab5\u0ac7 \u0a9b\u0ac7 \u0ab5\u0ac8\u0ab6\u0acd\u0ab5\u0abf\u0a95 \u0a8a\u0ab0\u0acd\u0a9c\u0abe \u0a95\u0ac7\u0ab5\u0ac0 \u0ab0\u0ac0\u0aa4\u0ac7 \u0aae\u0abe\u0aa8\u0ab5 \u0a9c\u0ac0\u0ab5\u0aa8 \u0aaa\u0ab0 \u0a85\u0ab8\u0ab0 \u0a95\u0ab0\u0ac7 \u0a9b\u0ac7. \u0ab5\u0abe\u0ab8\u0acd\u0aa4\u0ac1 \u0ab6\u0abe\u0ab8\u0acd\u0aa4\u0acd\u0ab0 \u0aae\u0abe\u0aa3\u0ab8\u0aa8\u0ac7 \u0a95\u0ac7\u0ab5\u0ac0 \u0ab0\u0ac0\u0aa4\u0ac7 \u0aaa\u0ab0\u0acd\u0aaf\u0abe\u0ab5\u0ab0\u0aa3 \u0ab8\u0abe\u0aa5\u0ac7 \u0ab8\u0a82\u0ab5\u0abe\u0aa6\u0abf\u0aa4\u0abe\u0aa5\u0ac0 \u0ab0\u0ab9\u0ac7\u0ab5\u0ac1\u0a82 \u0ab6\u0ac0\u0a96\u0ab5\u0ac7 \u0a9b\u0ac7.<\/p>\n<p style=\"text-align: left;\">\u0aa6\u0ab0\u0ac7\u0a95 \u0a9c\u0a97\u0acd\u0aaf\u0abe \u0aad\u0ab2\u0ac7 \u0aa4\u0ac7 \u0a8f\u0a95 \u0a98\u0ab0, \u0a95\u0acb\u0ab0\u0acd\u0aaa\u0acb\u0ab0\u0ac7\u0a9f \u0a93\u0aab\u0abf\u0ab8, \u0a89\u0aa6\u0acd\u0aaf\u0acb\u0a97 \u0a85\u0aa5\u0ab5\u0abe \u0a8f\u0a95 \u0ab8\u0a82\u0ab8\u0acd\u0aa5\u0abe \u0ab9\u0acb\u0aaf, \u0aa4\u0ac7\u0aa8\u0ac0 8 \u0aa6\u0abf\u0ab6\u0abe\u0a93 \u0ab9\u0acb\u0aaf \u0a9b\u0ac7, \u0a9a\u0abe\u0ab0 \u0aae\u0ac1\u0a96\u0acd\u0aaf \u0aa6\u0abf\u0ab6\u0abe\u0a93 \u0a85\u0aa8\u0ac7 \u0a9a\u0abe\u0ab0 \u0a96\u0ac2\u0aa3\u0abe\u0aa8\u0ac0. \u0aa6\u0ab0\u0ac7\u0a95 \u0aa6\u0abf\u0ab6\u0abe \u0aae\u0abe\u0a9f\u0ac7 \u0a8f\u0a95 \u0aae\u0ab9\u0aa4\u0acd\u0ab5 \u0ab9\u0acb\u0aaf \u0a9b\u0ac7 \u0a89\u0aa6\u0abe\u0ab9\u0ab0\u0aa3 \u0aae\u0abe\u0a9f\u0ac7 \u0ab5\u0acd\u0aaf\u0a95\u0aa4\u0abf \u0ab0\u0ab9\u0ac7\u0aa4\u0abe \u0ab9\u0acb\u0aaf \u0aa4\u0acd\u0aaf\u0abe\u0a82 \u0a8f\u0a95 \u0ab5\u0abf\u0ab6\u0abf\u0ab7\u0acd\u0a9f \u0aa6\u0abf\u0ab6\u0abe\u0aae\u0abe\u0a82 \u0aae\u0ac1\u0a96\u0acd\u0aaf \u0aaa\u0acd\u0ab0\u0ab5\u0ac7\u0ab6\u0aa6\u0acd\u0ab5\u0abe\u0ab0 \u0ab2\u0acb\u0a95\u0acb\u0aa8\u0abe\u0a82 \u0ab8\u0acd\u0ab5\u0abe\u0ab8\u0acd\u0aa5\u0acd\u0aaf, \u0ab8\u0a82\u0aaa\u0aa4\u0acd\u0aa4\u0abf, \u0a95\u0acb\u0aae\u0acd\u0aaf\u0ac1\u0aa8\u0abf\u0a95\u0ac7\u0ab6\u0aa8 (\u0ab8\u0a82\u0aac\u0a82\u0aa7\u0acb) \u0ab5\u0a97\u0ac7\u0ab0\u0ac7 \u0aac\u0abe\u0aac\u0aa4\u0aae\u0abe\u0a82 \u0a85\u0aa5\u0ab5\u0abe \u0a85\u0aae\u0ac1\u0a95 \u0a95\u0acd\u0ab7\u0aae\u0aa4\u0abe\u0a93 \u0a95\u0abe\u0aae \u0a95\u0ab0\u0ac7 \u0a9b\u0ac7 \u0aa4\u0ac7 \u0aa6\u0ab0\u0acd\u0ab6\u0abe\u0ab5\u0ac7 \u0a9b\u0ac7.<\/p>\n<h3>\u0aa6\u0abf\u0ab6\u0abe\u0a93<\/h3>\n<p style=\"text-align: left;\">\u0a95\u0ac1\u0ab2 8 \u0aa6\u0abf\u0ab6\u0abe\u0a93 \u0ab9\u0acb\u0aaf \u0a9b\u0ac7, \u0aa6\u0ab0\u0ac7\u0a95 \u0a8f\u0a95 \u0aac\u0ac0\u0a9c\u0abe\u0aa5\u0ac0 45 \u0aa1\u0abf\u0a97\u0acd\u0ab0\u0ac0\u0aa5\u0ac0 \u0a85\u0ab2\u0a97 \u0aa5\u0abe\u0aaf \u0a9b\u0ac7 \u0a85\u0aa5\u0ab5\u0abe \u0ab6\u0aac\u0acd\u0aa6\u0acb\u0aae\u0abe\u0a82 \u0a95\u0ab9\u0ac0\u0a8f \u0aa4\u0acb, \u0aa6\u0ab0\u0ac7\u0a95 \u0aa6\u0abf\u0ab6\u0abe 45 \u0aa1\u0abf\u0a97\u0acd\u0ab0\u0ac0\u0aae\u0abe\u0a82 \u0a86\u0ab5\u0ab0\u0ac0 \u0ab2\u0ac7\u0ab5\u0abe\u0aaf \u0a9b\u0ac7.<\/p>\n<p>[\/vc_column_text][\/vc_column_inner][\/vc_row_inner][vc_row_inner][vc_column_inner width=&#8221;1\/6&#8243;][\/vc_column_inner][vc_column_inner width=&#8221;2\/3&#8243;][vc_video link=&#8221;https:\/\/www.youtube.com\/watch?v=1ZTVl8Eft00&#8243;][\/vc_column_inner][vc_column_inner width=&#8221;1\/6&#8243;][\/vc_column_inner][\/vc_row_inner][vc_row_inner][vc_column_inner][vc_empty_space height=&#8221;10px&#8221;][vc_column_text]<\/p>\n<p style=\"text-align: left; padding-left: 30px;\"><b>\u0a98\u0aa1\u0abf\u0aaf\u0abe\u0ab3 \u0aae\u0ac1\u0a9c\u0aac\u0aa8\u0ac0 \u0aa6\u0abf\u0ab6\u0abe\u0a93 \u0a9b\u0ac7:<\/b><\/p>\n<h5 style=\"padding-left: 30px;\">1. \u0a89\u0aa4\u0acd\u0aa4\u0ab0 \u2013 Uttar\u0101 \u2013\u0a89\u0aa4\u0acd\u0aa4\u0ab0<\/h5>\n<h5 style=\"padding-left: 30px;\">2. \u0a89\u0aa4\u0acd\u0aa4\u0ab0 \u0aaa\u0ac2\u0ab0\u0acd\u0ab5 &#8211; Ai\u015b\u0101n\u012b &#8211; \u0a88\u0ab6\u0abe\u0aa8<\/h5>\n<h5 style=\"padding-left: 30px;\">3. \u0aaa\u0ac2\u0ab0\u0acd\u0ab5 &#8211; P\u016brv\u0101 &#8211; \u0aaa\u0ac2\u0ab0\u0acd\u0ab5<\/h5>\n<h5 style=\"padding-left: 30px;\">4. \u0aa6\u0a95\u0acd\u0ab7\u0abf\u0aa3 \u0aaa\u0ac2\u0ab0\u0acd\u0ab5 &#8211; \u0100gney\u012b &#8211; \u0a85\u0a97\u0acd\u0aa8\u0abf<\/h5>\n<h5 style=\"padding-left: 30px;\">5. \u0aa6\u0a95\u0acd\u0ab7\u0abf\u0aa3 &#8211; Dak\u1e63hi\u1e47\u0101 &#8211; \u0aa6\u0a95\u0acd\u0ab7\u0abf\u0aa3<\/h5>\n<h5 style=\"padding-left: 30px;\">6. \u0aa6\u0a95\u0acd\u0ab7\u0abf\u0aa3 \u0aaa\u0ab6\u0acd\u0a9a\u0abf\u0aae &#8211; Nair\u1e5b\u1e5bt\u0101 &#8211; \u0aa8\u0ac8\u0a8b\u0ac3\u0aa4\u0acd\u0aaf<\/h5>\n<h5 style=\"padding-left: 30px;\">7. \u0aaa\u0ab6\u0acd\u0a9a\u0abf\u0aae &#8211; Pa\u015bcim\u0101 &#8211; \u0aaa\u0ab6\u0acd\u0a9a\u0abf\u0aae<\/h5>\n<h5 style=\"padding-left: 30px;\">8. \u0a89\u0aa4\u0acd\u0aa4\u0ab0 \u0aaa\u0ab6\u0acd\u0a9a\u0abf\u0aae &#8211; V\u0101yavy\u0101 &#8211; \u0ab5\u0abe\u0aaf\u0ab5\u0acd\u0aaf<\/h5>\n<p>[\/vc_column_text][vc_empty_space height=&#8221;10px&#8221;][vc_column_text]<\/p>\n<h3>\u0aa6\u0abf\u0ab6\u0abe\u0a93 \u0ab6\u0acb\u0aa7\u0ab5\u0abe \u0aae\u0abe\u0a9f\u0ac7 \u0ab9\u0acb\u0a95\u0abe\u0aaf\u0a82\u0aa4\u0acd\u0ab0 (\u0a95\u0a82\u0aaa\u0abe\u0ab8) \u0a95\u0ac7\u0ab5\u0ac0 \u0ab0\u0ac0\u0aa4\u0ac7 \u0ab5\u0abe\u0aaa\u0ab0\u0ab5\u0ac1\u0a82<\/h3>\n<ul>\n<li>\u0aa4\u0aae\u0abe\u0ab0\u0ac0 \u0ab9\u0aa5\u0ac7\u0ab3\u0ac0\u0aa8\u0ac0 \u0aae\u0aa7\u0acd\u0aaf\u0aae\u0abe\u0a82 \u0ab9\u0acb\u0a95\u0abe\u0aaf\u0a82\u0aa4\u0acd\u0ab0 \u0aae\u0ac2\u0a95\u0acb \u0a9c\u0ac7\u0aa5\u0ac0 \u0ab9\u0acb\u0a95\u0abe\u0aaf\u0a82\u0aa4\u0acd\u0ab0 \u0ab5\u0abe\u0a95\u0ac1\u0a82 \u0aa8\u0abe \u0ab0\u0ab9\u0ac7<\/li>\n<li>\u0ab2\u0abe\u0ab2 \u0ab8\u0acb\u0aaf \u0a89\u0aa4\u0acd\u0aa4\u0ab0 \u0aa6\u0abf\u0ab6\u0abe \u0aa4\u0ab0\u0aab \u0a87\u0ab6\u0abe\u0ab0\u0acb \u0aa8\u0abe \u0a95\u0ab0\u0ac7 \u0aa4\u0acd\u0aaf\u0abe\u0a82 \u0ab8\u0ac1\u0aa7\u0ac0 \u0ab9\u0acb\u0a95\u0abe\u0aaf\u0a82\u0aa4\u0acd\u0ab0\u0aa8\u0ac7 \u0aac\u0ab0\u0abe\u0aac\u0ab0 \u0aab\u0ac7\u0ab0\u0ab5\u0acb<\/li>\n<\/ul>\n<p>[\/vc_column_text][\/vc_column_inner][\/vc_row_inner][\/vc_column][\/vc_row]<\/p>\n","protected":false},"excerpt":{"rendered":"<p>[vc_row][vc_column][vc_row_inner][vc_column_inner][vc_column_text] \u0ab5\u0abe\u0ab8\u0acd\u0aa4\u0ac1 \u0ab6\u0abe\u0ab8\u0acd\u0aa4\u0acd\u0ab0 \u0a8f\u0a95 \u0ab5\u0abf\u0a9c\u0acd\u0a9e\u0abe\u0aa8 \u0a9b\u0ac7 \u0a9c\u0ac7\u0aa8\u0acb \u0aaa\u0acd\u0ab0\u0abe\u0a9a\u0ac0\u0aa8 \u0aad\u0abe\u0ab0\u0aa4\u0ac0\u0aaf \u0ab8\u0a82\u0ab8\u0acd\u0a95\u0ac3\u0aa4\u0abf \u0aa6\u0acd\u0ab5\u0abe\u0ab0\u0abe \u0ab9\u0a9c\u0abe\u0ab0\u0acb \u0ab5\u0ab0\u0acd\u0ab7\u0aa5\u0ac0 \u0ab5\u0acd\u0aaf\u0abe\u0aaa\u0a95 \u0a85\u0aad\u0acd\u0aaf\u0abe\u0ab8 \u0a95\u0ab0\u0ab5\u0abe\u0aae\u0abe\u0a82 \u0a86\u0ab5\u0acd\u0aaf\u0acb \u0a9b\u0ac7 \u0a85\u0aa8\u0ac7 \u0aa4\u0ac7 \u0a8f\u0a95 \u0aae\u0ab9\u0aa4\u0acd\u0ab5\u0aaa\u0ac2\u0ab0\u0acd\u0aa3 \u0ab5\u0ac8\u0aa6\u0abf\u0a95 \u0ab5\u0abf\u0a9c\u0acd\u0a9e\u0abe\u0aa8 \u0a9b\u0ac7. \u0ab5\u0abe\u0ab8\u0acd\u0aa4\u0ac1 \u0ab6\u0abe\u0ab8\u0acd\u0aa4\u0acd\u0ab0 \u0aa8\u0acb \u0aae\u0ac2\u0ab3 \u0aae\u0abe\u0aa8\u0ab5\u0aa4\u0abe \u0a85\u0aa8\u0ac7 \u0a9c\u0ac0\u0ab5\u0aa8 \u0ab8\u0abe\u0ab0\u0acd\u0aa5\u0a95\u0aa4\u0abe\u0aa8\u0abe\u0a82 \u0a95\u0ab2\u0acd\u0aaf\u0abe\u0aa3\u0aa8\u0ac0 \u0aad\u0abe\u0ab5\u0aa8\u0abe\u0aa5\u0ac0 \u0aaa\u0acd\u0ab0\u0ac7\u0ab0\u0abf\u0aa4 \u0a9b\u0ac7. \u0aae\u0ac2\u0ab3 \u0ab6\u0aac\u0acd\u0aa6 \u0ab5\u0abe\u0ab8\u0aa8\u0acb \u0a85\u0ab0\u0acd\u0aa5 &#8220;\u0ab0\u0ab9\u0ac7\u0ab5\u0ac1\u0a82, \u0a9c\u0ac0\u0ab5\u0ab5\u0ac1\u0a82 \u0ab0\u0acb\u0a95\u0abe\u0ab5\u0ac1\u0a82, \u0ab0\u0ab9\u0ac7\u0ab5\u0ac1\u0a82&#8221; \u0a9b\u0ac7. \u0ab5\u0abe\u0ab8\u0acd\u0aa4\u0ac1 \u0ab6\u0abe\u0ab8\u0acd\u0aa4\u0acd\u0ab0 \u0aa6\u0abf\u0ab6\u0abe\u0a93,\u0ab5\u0ac8\u0ab6\u0acd\u0ab5\u0abf\u0a95 \u0a8a\u0ab0\u0acd\u0a9c\u0aa8\u0ac1\u0a82 \u0ab5\u0abf\u0a9c\u0acd\u0a9e\u0abe\u0aa8 \u0a9b\u0ac7 \u0a85\u0aa8\u0ac7 \u0ab8\u0aae\u0a9c\u0abe\u0ab5\u0ac7 \u0a9b\u0ac7 [&hellip;]<\/p>\n","protected":false},"author":28,"featured_media":0,"parent":0,"menu_order":0,"comment_status":"closed","ping_status":"closed","template":"","meta":{"_acf_changed":false,"footnotes":""},"class_list":["post-39065","page","type-page","status-publish","hentry"],"acf":[],"_links":{"self":[{"href":"https:\/\/www.saralvaastu.com\/gujarati\/wp-json\/wp\/v2\/pages\/39065","targetHints":{"allow":["GET"]}}],"collection":[{"href":"https:\/\/www.saralvaastu.com\/gujarati\/wp-json\/wp\/v2\/pages"}],"about":[{"href":"https:\/\/www.saralvaastu.com\/gujarati\/wp-json\/wp\/v2\/types\/page"}],"author":[{"embeddable":true,"href":"https:\/\/www.saralvaastu.com\/gujarati\/wp-json\/wp\/v2\/users\/28"}],"replies":[{"embeddable":true,"href":"https:\/\/www.saralvaastu.com\/gujarati\/wp-json\/wp\/v2\/comments?post=39065"}],"version-history":[{"count":2,"href":"https:\/\/www.saralvaastu.com\/gujarati\/wp-json\/wp\/v2\/pages\/39065\/revisions"}],"predecessor-version":[{"id":41524,"href":"https:\/\/www.saralvaastu.com\/gujarati\/wp-json\/wp\/v2\/pages\/39065\/revisions\/41524"}],"wp:attachment":[{"href":"https:\/\/www.saralvaastu.com\/gujarati\/wp-json\/wp\/v2\/media?parent=39065"}],"curies":[{"name":"wp","href":"https:\/\/api.w.org\/{rel}","templated":true}]}}